{"id":4415,"date":"2024-04-19T10:11:23","date_gmt":"2024-04-19T10:11:23","guid":{"rendered":"https:\/\/restaurantelategala.com\/la-tegala-reserven\/"},"modified":"2025-08-25T10:46:36","modified_gmt":"2025-08-25T10:46:36","slug":"la-tegala-reserven","status":"publish","type":"page","link":"https:\/\/restaurantelategala.com\/de\/la-tegala-reserven\/","title":{"rendered":"La Tegala Reserven"},"content":{"rendered":"\t\t<div data-elementor-type=\"wp-page\" data-elementor-id=\"4415\" class=\"elementor elementor-4415 elementor-46\" data-elementor-post-type=\"page\">\n\t\t\t\t<div class=\"elementor-element elementor-element-6b1c44b e-con-full e-flex e-con e-parent\" data-id=\"6b1c44b\" data-element_type=\"container\" data-settings=\"{&quot;background_background&quot;:&quot;classic&quot;}\">\n\t\t<div class=\"elementor-element elementor-element-e36acaa e-flex e-con-boxed e-con e-child\" data-id=\"e36acaa\" data-element_type=\"container\">\n\t\t\t\t\t<div class=\"e-con-inner\">\n\t\t\t\t<div class=\"elementor-element elementor-element-888dc00 elementor-widget__width-initial elementor-invisible elementor-widget elementor-widget-heading\" data-id=\"888dc00\" data-element_type=\"widget\" data-settings=\"{&quot;_animation&quot;:&quot;fadeInUp&quot;}\" data-widget_type=\"heading.default\">\n\t\t\t\t<div class=\"elementor-widget-container\">\n\t\t\t\t\t<h1 class=\"elementor-heading-title elementor-size-default\">LA TEGALA RESERVEN<\/h1>\t\t\t\t<\/div>\n\t\t\t\t<\/div>\n\t\t\t\t\t<\/div>\n\t\t\t\t<\/div>\n\t\t\t\t<\/div>\n\t\t<div class=\"elementor-element elementor-element-d44d134 e-flex e-con-boxed e-con e-parent\" data-id=\"d44d134\" data-element_type=\"container\" data-settings=\"{&quot;background_background&quot;:&quot;classic&quot;}\">\n\t\t\t\t\t<div class=\"e-con-inner\">\n\t\t<div class=\"elementor-element elementor-element-2090ef6 e-con-full e-flex elementor-invisible e-con e-child\" data-id=\"2090ef6\" data-element_type=\"container\" data-settings=\"{&quot;animation&quot;:&quot;fadeInUp&quot;}\">\n\t\t\t\t<div class=\"elementor-element elementor-element-c88036f elementor-widget elementor-widget-text-editor\" data-id=\"c88036f\" data-element_type=\"widget\" data-widget_type=\"text-editor.default\">\n\t\t\t\t<div class=\"elementor-widget-container\">\n\t\t\t\t\t\t\t\t\t<p>Reservieren Sie jetzt, um das Beste aus dem La Tegala Erlebnis zu machen.<\/p>\t\t\t\t\t\t\t\t<\/div>\n\t\t\t\t<\/div>\n\t\t\t\t<div class=\"elementor-element elementor-element-2cedafb elementor-widget elementor-widget-spacer\" data-id=\"2cedafb\" data-element_type=\"widget\" data-widget_type=\"spacer.default\">\n\t\t\t\t<div class=\"elementor-widget-container\">\n\t\t\t\t\t\t\t<div class=\"elementor-spacer\">\n\t\t\t<div class=\"elementor-spacer-inner\"><\/div>\n\t\t<\/div>\n\t\t\t\t\t\t<\/div>\n\t\t\t\t<\/div>\n\t\t\t\t<div class=\"elementor-element elementor-element-5a9bcaa elementor-widget elementor-widget-text-editor\" data-id=\"5a9bcaa\" data-element_type=\"widget\" data-widget_type=\"text-editor.default\">\n\t\t\t\t<div class=\"elementor-widget-container\">\n\t\t\t\t\t\t\t\t\t<p>Carretera M\u00e1cher, 60, 35572 M\u00e1cher, Las Palmas de Gran Canaria<\/p><p>(+34) 659 09 98 74<\/p><p><b>Montag, Dienstag und Mittwoch:<\/b><br>Dinner Services von 18:30 bis 21:30 Uhr.<\/p><p><b>Donnerstag, Freitag und Samstag:<\/b><br>Mittagstisch von 13:30 bis 16:00 Uhr und Abendessen von 18:30 bis 21:30 Uhr.<\/p><p><b>Sonntag geschlossen<\/b><\/p>\t\t\t\t\t\t\t\t<\/div>\n\t\t\t\t<\/div>\n\t\t\t\t<div class=\"elementor-element elementor-element-1e758ed elementor-widget elementor-widget-spacer\" data-id=\"1e758ed\" data-element_type=\"widget\" data-widget_type=\"spacer.default\">\n\t\t\t\t<div class=\"elementor-widget-container\">\n\t\t\t\t\t\t\t<div class=\"elementor-spacer\">\n\t\t\t<div class=\"elementor-spacer-inner\"><\/div>\n\t\t<\/div>\n\t\t\t\t\t\t<\/div>\n\t\t\t\t<\/div>\n\t\t\t\t<div class=\"elementor-element elementor-element-50e1082 elementor-widget elementor-widget-text-editor\" data-id=\"50e1082\" data-element_type=\"widget\" data-widget_type=\"text-editor.default\">\n\t\t\t\t<div class=\"elementor-widget-container\">\n\t\t\t\t\t\t\t\t\t<p>W\u00e4hlen Sie ein Datum und machen Sie sich bereit, in die besten Rohstoffe, lokalen Produkte, eine Reise durch kleine Weinkellereien und Craft-Biere der Kanarischen Inseln einzutauchen.<\/p><p>* Sie k\u00f6nnen Ihre Buchung bis zu 24 Stunden im Voraus stornieren.<\/p><p>*Das Mares\u00eda-Men\u00fc kann nicht innerhalb von 12 Stunden nach der Buchung ausgew\u00e4hlt werden.<\/p><p>*La Tegala ist nicht das geeignetste Restaurant f\u00fcr Kinder unter 10 Jahren.<\/p><p>* Wir erinnern Sie daran, dass wir kein \u00c0-la-carte-Men\u00fc haben, sondern nur Degustationsmen\u00fcs anbieten.  <\/p><p>* Allergien und Unvertr\u00e4glichkeiten m\u00fcssen bei der Buchung angegeben werden und wir k\u00f6nnen keine \u00c4nderungen garantieren.  <\/p><p>*Die Dauer des Erlebnisses kann je nach Tempo der G\u00e4ste variieren.<\/p><p>*Wir werden Sie 24 Stunden vor der Buchung kontaktieren, um die Reservierung zu best\u00e4tigen und die Details zu kl\u00e4ren. Wenn wir Sie nicht erreichen k\u00f6nnen, kann Ihre Reservierung verloren gehen.<\/p><p>*Men\u00fcs k\u00f6nnen ge\u00e4ndert werden.<\/p>\t\t\t\t\t\t\t\t<\/div>\n\t\t\t\t<\/div>\n\t\t\t\t<\/div>\n\t\t<div class=\"elementor-element elementor-element-b3bc97f e-con-full e-flex elementor-invisible e-con e-child\" data-id=\"b3bc97f\" data-element_type=\"container\" data-settings=\"{&quot;animation&quot;:&quot;fadeInUp&quot;,&quot;background_background&quot;:&quot;classic&quot;}\">\n\t\t\t\t<\/div>\n\t\t<div class=\"elementor-element elementor-element-2990625 e-con-full e-flex elementor-invisible e-con e-child\" data-id=\"2990625\" data-element_type=\"container\" data-settings=\"{&quot;animation&quot;:&quot;fadeInUp&quot;,&quot;background_background&quot;:&quot;classic&quot;}\">\n\t\t\t\t<div class=\"elementor-element elementor-element-63afd96 elementor-widget elementor-widget-html\" data-id=\"63afd96\" data-element_type=\"widget\" data-widget_type=\"html.default\">\n\t\t\t\t<div class=\"elementor-widget-container\">\n\t\t\t\t\t<script type=\"text\/javascript\"\n                                                                                        src=\"https:\/\/www.covermanager.com\/js\/iframeResizer\/iframeResizer.min.js\"><\/script><iframe\n                                                            id=\"restaurante-la-tegala\" title=\"Reservas\"\n                                                            src=\"https:\/\/www.covermanager.com\/reserve\/module_restaurant\/restaurante-la-tegala\/german\"\n                                                            allow=\"payment\" frameborder=\"0\" height=\"550\" width=\"100%\" onload=\"iFrameResize();\"><\/iframe> \t\t\t\t<\/div>\n\t\t\t\t<\/div>\n\t\t\t\t<\/div>\n\t\t\t\t\t<\/div>\n\t\t\t\t<\/div>\n\t\t\t\t<\/div>\n\t\t","protected":false},"excerpt":{"rendered":"<p>LA TEGALA RESERVEN Reservieren Sie jetzt, um das Beste aus dem La Tegala Erlebnis zu machen. Carretera M\u00e1cher, 60, 35572 M\u00e1cher, Las Palmas de Gran Canaria (+34) 659 09 98 74 Montag, Dienstag und Mittwoch:Dinner Services von 18:30 bis 21:30 Uhr. Donnerstag, Freitag und Samstag:Mittagstisch von 13:30 bis 16:00 Uhr und Abendessen von 18:30 bis [&hellip;]<\/p>\n","protected":false},"author":1,"featured_media":0,"parent":0,"menu_order":0,"comment_status":"closed","ping_status":"closed","template":"","meta":{"footnotes":""},"class_list":["post-4415","page","type-page","status-publish","hentry"],"yoast_head":"<!-- This site is optimized with the Yoast SEO plugin v26.8 - https:\/\/yoast.com\/product\/yoast-seo-wordpress\/ -->\n<title>Reservierungen Restaurante La Tegala% Restaurante La Tegala% Restaurante La Tegala% Restaurante La Tegala%<\/title>\n<meta name=\"description\" content=\"Reservieren Sie jetzt, um das gastronomische Erlebnis, das wir Ihnen im La Tegala bieten, in vollen Z\u00fcgen zu genie\u00dfen.\" \/>\n<meta name=\"robots\" content=\"index, follow, max-snippet:-1, max-image-preview:large, max-video-preview:-1\" \/>\n<link rel=\"canonical\" href=\"https:\/\/restaurantelategala.com\/de\/la-tegala-reserven\/\" \/>\n<meta property=\"og:locale\" content=\"de_DE\" \/>\n<meta property=\"og:type\" content=\"article\" \/>\n<meta property=\"og:title\" content=\"Reservierungen Restaurante La Tegala% Restaurante La Tegala% Restaurante La Tegala% Restaurante La Tegala%\" \/>\n<meta property=\"og:description\" content=\"Eine gastronomische Reise durch die Kanarischen Inseln mit einer Hommage an unsere Inseln, ihre Kunst, ihren Geschmack und ihre Tradition - das Restaurante La Tegala.\" \/>\n<meta property=\"og:url\" content=\"https:\/\/restaurantelategala.com\/de\/la-tegala-reserven\/\" \/>\n<meta property=\"og:site_name\" content=\"Restaurante La Tegala\" \/>\n<meta property=\"article:publisher\" content=\"https:\/\/www.facebook.com\/p\/Restaurante-La-Tegala-100054513667235\/?locale=es_ES\" \/>\n<meta property=\"article:modified_time\" content=\"2025-08-25T10:46:36+00:00\" \/>\n<meta property=\"og:image\" content=\"https:\/\/restaurantelategala.com\/wp-content\/uploads\/2024\/05\/reservas-tegala-1024x577.jpg\" \/>\n<meta name=\"twitter:card\" content=\"summary_large_image\" \/>\n<meta name=\"twitter:title\" content=\"Reservierungen Restaurante La Tegala% Restaurante La Tegala% Restaurante La Tegala% Restaurante La Tegala%\" \/>\n<meta name=\"twitter:description\" content=\"Eine gastronomische Reise durch die Kanarischen Inseln mit einer Hommage an unsere Inseln, ihre Kunst, ihren Geschmack und ihre Tradition - das Restaurante La Tegala.\" \/>\n<meta name=\"twitter:image\" content=\"https:\/\/restaurantelategala.com\/wp-content\/uploads\/2024\/05\/reservas-tegala-1024x577.jpg\" \/>\n<meta name=\"twitter:label1\" content=\"Gesch\u00e4tzte Lesezeit\" \/>\n\t<meta name=\"twitter:data1\" content=\"2\u00a0Minuten\" \/>\n<script type=\"application\/ld+json\" class=\"yoast-schema-graph\">{\"@context\":\"https:\/\/schema.org\",\"@graph\":[{\"@type\":\"WebPage\",\"@id\":\"https:\/\/restaurantelategala.com\/de\/la-tegala-reserven\/\",\"url\":\"https:\/\/restaurantelategala.com\/de\/la-tegala-reserven\/\",\"name\":\"Reservierungen Restaurante La Tegala% Restaurante La Tegala% Restaurante La Tegala% Restaurante La Tegala%\",\"isPartOf\":{\"@id\":\"https:\/\/restaurantelategala.com\/de\/#website\"},\"datePublished\":\"2024-04-19T10:11:23+00:00\",\"dateModified\":\"2025-08-25T10:46:36+00:00\",\"description\":\"Reservieren Sie jetzt, um das gastronomische Erlebnis, das wir Ihnen im La Tegala bieten, in vollen Z\u00fcgen zu genie\u00dfen.\",\"breadcrumb\":{\"@id\":\"https:\/\/restaurantelategala.com\/de\/la-tegala-reserven\/#breadcrumb\"},\"inLanguage\":\"de\",\"potentialAction\":[{\"@type\":\"ReadAction\",\"target\":[\"https:\/\/restaurantelategala.com\/de\/la-tegala-reserven\/\"]}]},{\"@type\":\"BreadcrumbList\",\"@id\":\"https:\/\/restaurantelategala.com\/de\/la-tegala-reserven\/#breadcrumb\",\"itemListElement\":[{\"@type\":\"ListItem\",\"position\":1,\"name\":\"Portada\",\"item\":\"https:\/\/restaurantelategala.com\/de\/\"},{\"@type\":\"ListItem\",\"position\":2,\"name\":\"La Tegala Reserven\"}]},{\"@type\":\"WebSite\",\"@id\":\"https:\/\/restaurantelategala.com\/de\/#website\",\"url\":\"https:\/\/restaurantelategala.com\/de\/\",\"name\":\"Restaurante La Tegala\",\"description\":\"Restaurante de cocina creativa canaria\",\"publisher\":{\"@id\":\"https:\/\/restaurantelategala.com\/de\/#organization\"},\"potentialAction\":[{\"@type\":\"SearchAction\",\"target\":{\"@type\":\"EntryPoint\",\"urlTemplate\":\"https:\/\/restaurantelategala.com\/de\/?s={search_term_string}\"},\"query-input\":{\"@type\":\"PropertyValueSpecification\",\"valueRequired\":true,\"valueName\":\"search_term_string\"}}],\"inLanguage\":\"de\"},{\"@type\":\"Organization\",\"@id\":\"https:\/\/restaurantelategala.com\/de\/#organization\",\"name\":\"Restaurante La Tegala\",\"url\":\"https:\/\/restaurantelategala.com\/de\/\",\"logo\":{\"@type\":\"ImageObject\",\"inLanguage\":\"de\",\"@id\":\"https:\/\/restaurantelategala.com\/de\/#\/schema\/logo\/image\/\",\"url\":\"https:\/\/restaurantelategala.com\/wp-content\/uploads\/2024\/04\/LaTegala-01.svg\",\"contentUrl\":\"https:\/\/restaurantelategala.com\/wp-content\/uploads\/2024\/04\/LaTegala-01.svg\",\"width\":196,\"height\":127,\"caption\":\"Restaurante La Tegala\"},\"image\":{\"@id\":\"https:\/\/restaurantelategala.com\/de\/#\/schema\/logo\/image\/\"},\"sameAs\":[\"https:\/\/www.facebook.com\/p\/Restaurante-La-Tegala-100054513667235\/?locale=es_ES\"]}]}<\/script>\n<!-- \/ Yoast SEO plugin. -->","yoast_head_json":{"title":"Reservierungen Restaurante La Tegala% Restaurante La Tegala% Restaurante La Tegala% Restaurante La Tegala%","description":"Reservieren Sie jetzt, um das gastronomische Erlebnis, das wir Ihnen im La Tegala bieten, in vollen Z\u00fcgen zu genie\u00dfen.","robots":{"index":"index","follow":"follow","max-snippet":"max-snippet:-1","max-image-preview":"max-image-preview:large","max-video-preview":"max-video-preview:-1"},"canonical":"https:\/\/restaurantelategala.com\/de\/la-tegala-reserven\/","og_locale":"de_DE","og_type":"article","og_title":"Reservierungen Restaurante La Tegala% Restaurante La Tegala% Restaurante La Tegala% Restaurante La Tegala%","og_description":"Eine gastronomische Reise durch die Kanarischen Inseln mit einer Hommage an unsere Inseln, ihre Kunst, ihren Geschmack und ihre Tradition - das Restaurante La Tegala.","og_url":"https:\/\/restaurantelategala.com\/de\/la-tegala-reserven\/","og_site_name":"Restaurante La Tegala","article_publisher":"https:\/\/www.facebook.com\/p\/Restaurante-La-Tegala-100054513667235\/?locale=es_ES","article_modified_time":"2025-08-25T10:46:36+00:00","og_image":[{"url":"https:\/\/restaurantelategala.com\/wp-content\/uploads\/2024\/05\/reservas-tegala-1024x577.jpg","type":"","width":"","height":""}],"twitter_card":"summary_large_image","twitter_title":"Reservierungen Restaurante La Tegala% Restaurante La Tegala% Restaurante La Tegala% Restaurante La Tegala%","twitter_description":"Eine gastronomische Reise durch die Kanarischen Inseln mit einer Hommage an unsere Inseln, ihre Kunst, ihren Geschmack und ihre Tradition - das Restaurante La Tegala.","twitter_image":"https:\/\/restaurantelategala.com\/wp-content\/uploads\/2024\/05\/reservas-tegala-1024x577.jpg","twitter_misc":{"Gesch\u00e4tzte Lesezeit":"2\u00a0Minuten"},"schema":{"@context":"https:\/\/schema.org","@graph":[{"@type":"WebPage","@id":"https:\/\/restaurantelategala.com\/de\/la-tegala-reserven\/","url":"https:\/\/restaurantelategala.com\/de\/la-tegala-reserven\/","name":"Reservierungen Restaurante La Tegala% Restaurante La Tegala% Restaurante La Tegala% Restaurante La Tegala%","isPartOf":{"@id":"https:\/\/restaurantelategala.com\/de\/#website"},"datePublished":"2024-04-19T10:11:23+00:00","dateModified":"2025-08-25T10:46:36+00:00","description":"Reservieren Sie jetzt, um das gastronomische Erlebnis, das wir Ihnen im La Tegala bieten, in vollen Z\u00fcgen zu genie\u00dfen.","breadcrumb":{"@id":"https:\/\/restaurantelategala.com\/de\/la-tegala-reserven\/#breadcrumb"},"inLanguage":"de","potentialAction":[{"@type":"ReadAction","target":["https:\/\/restaurantelategala.com\/de\/la-tegala-reserven\/"]}]},{"@type":"BreadcrumbList","@id":"https:\/\/restaurantelategala.com\/de\/la-tegala-reserven\/#breadcrumb","itemListElement":[{"@type":"ListItem","position":1,"name":"Portada","item":"https:\/\/restaurantelategala.com\/de\/"},{"@type":"ListItem","position":2,"name":"La Tegala Reserven"}]},{"@type":"WebSite","@id":"https:\/\/restaurantelategala.com\/de\/#website","url":"https:\/\/restaurantelategala.com\/de\/","name":"Restaurante La Tegala","description":"Restaurante de cocina creativa canaria","publisher":{"@id":"https:\/\/restaurantelategala.com\/de\/#organization"},"potentialAction":[{"@type":"SearchAction","target":{"@type":"EntryPoint","urlTemplate":"https:\/\/restaurantelategala.com\/de\/?s={search_term_string}"},"query-input":{"@type":"PropertyValueSpecification","valueRequired":true,"valueName":"search_term_string"}}],"inLanguage":"de"},{"@type":"Organization","@id":"https:\/\/restaurantelategala.com\/de\/#organization","name":"Restaurante La Tegala","url":"https:\/\/restaurantelategala.com\/de\/","logo":{"@type":"ImageObject","inLanguage":"de","@id":"https:\/\/restaurantelategala.com\/de\/#\/schema\/logo\/image\/","url":"https:\/\/restaurantelategala.com\/wp-content\/uploads\/2024\/04\/LaTegala-01.svg","contentUrl":"https:\/\/restaurantelategala.com\/wp-content\/uploads\/2024\/04\/LaTegala-01.svg","width":196,"height":127,"caption":"Restaurante La Tegala"},"image":{"@id":"https:\/\/restaurantelategala.com\/de\/#\/schema\/logo\/image\/"},"sameAs":["https:\/\/www.facebook.com\/p\/Restaurante-La-Tegala-100054513667235\/?locale=es_ES"]}]}},"_links":{"self":[{"href":"https:\/\/restaurantelategala.com\/de\/wp-json\/wp\/v2\/pages\/4415","targetHints":{"allow":["GET"]}}],"collection":[{"href":"https:\/\/restaurantelategala.com\/de\/wp-json\/wp\/v2\/pages"}],"about":[{"href":"https:\/\/restaurantelategala.com\/de\/wp-json\/wp\/v2\/types\/page"}],"author":[{"embeddable":true,"href":"https:\/\/restaurantelategala.com\/de\/wp-json\/wp\/v2\/users\/1"}],"replies":[{"embeddable":true,"href":"https:\/\/restaurantelategala.com\/de\/wp-json\/wp\/v2\/comments?post=4415"}],"version-history":[{"count":4,"href":"https:\/\/restaurantelategala.com\/de\/wp-json\/wp\/v2\/pages\/4415\/revisions"}],"predecessor-version":[{"id":4481,"href":"https:\/\/restaurantelategala.com\/de\/wp-json\/wp\/v2\/pages\/4415\/revisions\/4481"}],"wp:attachment":[{"href":"https:\/\/restaurantelategala.com\/de\/wp-json\/wp\/v2\/media?parent=4415"}],"curies":[{"name":"wp","href":"https:\/\/api.w.org\/{rel}","templated":true}]}}