{"id":4379,"date":"2024-04-19T10:11:23","date_gmt":"2024-04-19T10:11:23","guid":{"rendered":"https:\/\/restaurantelategala.com\/reserves-de-la-tegala\/"},"modified":"2025-08-25T10:45:18","modified_gmt":"2025-08-25T10:45:18","slug":"reserves-de-la-tegala","status":"publish","type":"page","link":"https:\/\/restaurantelategala.com\/fr\/reserves-de-la-tegala\/","title":{"rendered":"R\u00e9serves de La Tegala"},"content":{"rendered":"\t\t<div data-elementor-type=\"wp-page\" data-elementor-id=\"4379\" class=\"elementor elementor-4379 elementor-46\" data-elementor-post-type=\"page\">\n\t\t\t\t<div class=\"elementor-element elementor-element-6b1c44b e-con-full e-flex e-con e-parent\" data-id=\"6b1c44b\" data-element_type=\"container\" data-settings=\"{&quot;background_background&quot;:&quot;classic&quot;}\">\n\t\t<div class=\"elementor-element elementor-element-e36acaa e-flex e-con-boxed e-con e-child\" data-id=\"e36acaa\" data-element_type=\"container\">\n\t\t\t\t\t<div class=\"e-con-inner\">\n\t\t\t\t<div class=\"elementor-element elementor-element-888dc00 elementor-widget__width-initial elementor-invisible elementor-widget elementor-widget-heading\" data-id=\"888dc00\" data-element_type=\"widget\" data-settings=\"{&quot;_animation&quot;:&quot;fadeInUp&quot;}\" data-widget_type=\"heading.default\">\n\t\t\t\t<div class=\"elementor-widget-container\">\n\t\t\t\t\t<h1 class=\"elementor-heading-title elementor-size-default\">R\u00c9SERVES DE LA TEGALA<\/h1>\t\t\t\t<\/div>\n\t\t\t\t<\/div>\n\t\t\t\t\t<\/div>\n\t\t\t\t<\/div>\n\t\t\t\t<\/div>\n\t\t<div class=\"elementor-element elementor-element-d44d134 e-flex e-con-boxed e-con e-parent\" data-id=\"d44d134\" data-element_type=\"container\" data-settings=\"{&quot;background_background&quot;:&quot;classic&quot;}\">\n\t\t\t\t\t<div class=\"e-con-inner\">\n\t\t<div class=\"elementor-element elementor-element-2090ef6 e-con-full e-flex elementor-invisible e-con e-child\" data-id=\"2090ef6\" data-element_type=\"container\" data-settings=\"{&quot;animation&quot;:&quot;fadeInUp&quot;}\">\n\t\t\t\t<div class=\"elementor-element elementor-element-c88036f elementor-widget elementor-widget-text-editor\" data-id=\"c88036f\" data-element_type=\"widget\" data-widget_type=\"text-editor.default\">\n\t\t\t\t<div class=\"elementor-widget-container\">\n\t\t\t\t\t\t\t\t\t<p>R\u00e9servez d\u00e8s maintenant pour profiter au maximum de l&rsquo;exp\u00e9rience de La Tegala.<\/p>\t\t\t\t\t\t\t\t<\/div>\n\t\t\t\t<\/div>\n\t\t\t\t<div class=\"elementor-element elementor-element-2cedafb elementor-widget elementor-widget-spacer\" data-id=\"2cedafb\" data-element_type=\"widget\" data-widget_type=\"spacer.default\">\n\t\t\t\t<div class=\"elementor-widget-container\">\n\t\t\t\t\t\t\t<div class=\"elementor-spacer\">\n\t\t\t<div class=\"elementor-spacer-inner\"><\/div>\n\t\t<\/div>\n\t\t\t\t\t\t<\/div>\n\t\t\t\t<\/div>\n\t\t\t\t<div class=\"elementor-element elementor-element-5a9bcaa elementor-widget elementor-widget-text-editor\" data-id=\"5a9bcaa\" data-element_type=\"widget\" data-widget_type=\"text-editor.default\">\n\t\t\t\t<div class=\"elementor-widget-container\">\n\t\t\t\t\t\t\t\t\t<p>Carretera M\u00e1cher, 60, 35572 M\u00e1cher, Las Palmas de Gran Canaria<\/p><p>(+34) 659 09 98 74<\/p><p><b>Lundi, mardi et mercredi :<\/b><br>Services de d\u00eener de 18 h 30 \u00e0 21 h 30.<\/p><p><b>Jeudi, vendredi et samedi :<\/b><br>D\u00e9jeuner de 13h30 \u00e0 16h00 et d\u00eener de 18h30 \u00e0 21h30.<\/p><p><b>Dimanche ferm\u00e9<\/b><\/p>\t\t\t\t\t\t\t\t<\/div>\n\t\t\t\t<\/div>\n\t\t\t\t<div class=\"elementor-element elementor-element-1e758ed elementor-widget elementor-widget-spacer\" data-id=\"1e758ed\" data-element_type=\"widget\" data-widget_type=\"spacer.default\">\n\t\t\t\t<div class=\"elementor-widget-container\">\n\t\t\t\t\t\t\t<div class=\"elementor-spacer\">\n\t\t\t<div class=\"elementor-spacer-inner\"><\/div>\n\t\t<\/div>\n\t\t\t\t\t\t<\/div>\n\t\t\t\t<\/div>\n\t\t\t\t<div class=\"elementor-element elementor-element-50e1082 elementor-widget elementor-widget-text-editor\" data-id=\"50e1082\" data-element_type=\"widget\" data-widget_type=\"text-editor.default\">\n\t\t\t\t<div class=\"elementor-widget-container\">\n\t\t\t\t\t\t\t\t\t<p>Choisissez une date et pr\u00e9parez-vous \u00e0 vous immerger dans les meilleures mati\u00e8res premi\u00e8res, les produits locaux, un voyage \u00e0 travers les petits vignobles et les bi\u00e8res artisanales des \u00eeles Canaries.<\/p><p>* Vous pouvez annuler votre r\u00e9servation jusqu&rsquo;\u00e0 24 heures \u00e0 l&rsquo;avance.<\/p><p>*Le menu Mares\u00eda ne peut \u00eatre choisi dans les 12 heures suivant la r\u00e9servation.<\/p><p>*La Tegala n&rsquo;est pas le restaurant le plus appropri\u00e9 pour les enfants de moins de 10 ans.<\/p><p>* Nous vous rappelons que nous n&rsquo;avons pas de menu \u00e0 la carte, nous travaillons uniquement avec des menus de d\u00e9gustation.  <\/p><p>* Les allergies et les intol\u00e9rances doivent \u00eatre signal\u00e9es au moment de la r\u00e9servation et nous ne garantissons aucun changement.  <\/p><p>*La dur\u00e9e de l&rsquo;exp\u00e9rience peut varier en fonction du rythme de chacun.<\/p><p>*Nous vous contacterons 24 heures avant la r\u00e9servation pour confirmer la r\u00e9servation et finaliser les d\u00e9tails. Si nous ne parvenons pas \u00e0 vous joindre, vous risquez de perdre votre r\u00e9servation.<\/p><p>*Les menus sont susceptibles d&rsquo;\u00eatre modifi\u00e9s.<\/p>\t\t\t\t\t\t\t\t<\/div>\n\t\t\t\t<\/div>\n\t\t\t\t<\/div>\n\t\t<div class=\"elementor-element elementor-element-b3bc97f e-con-full e-flex elementor-invisible e-con e-child\" data-id=\"b3bc97f\" data-element_type=\"container\" data-settings=\"{&quot;animation&quot;:&quot;fadeInUp&quot;,&quot;background_background&quot;:&quot;classic&quot;}\">\n\t\t\t\t<\/div>\n\t\t<div class=\"elementor-element elementor-element-2990625 e-con-full e-flex elementor-invisible e-con e-child\" data-id=\"2990625\" data-element_type=\"container\" data-settings=\"{&quot;animation&quot;:&quot;fadeInUp&quot;,&quot;background_background&quot;:&quot;classic&quot;}\">\n\t\t\t\t<div class=\"elementor-element elementor-element-63afd96 elementor-widget elementor-widget-html\" data-id=\"63afd96\" data-element_type=\"widget\" data-widget_type=\"html.default\">\n\t\t\t\t<div class=\"elementor-widget-container\">\n\t\t\t\t\t<script type=\"text\/javascript\"\n                                                                                        src=\"https:\/\/www.covermanager.com\/js\/iframeResizer\/iframeResizer.min.js\"><\/script><iframe\n                                                            id=\"restaurante-la-tegala\" title=\"Reservas\"\n                                                            src=\"https:\/\/www.covermanager.com\/reserve\/module_restaurant\/restaurante-la-tegala\/french\"\n                                                            allow=\"payment\" frameborder=\"0\" height=\"550\" width=\"100%\" onload=\"iFrameResize();\"><\/iframe>\t\t\t\t<\/div>\n\t\t\t\t<\/div>\n\t\t\t\t<\/div>\n\t\t\t\t\t<\/div>\n\t\t\t\t<\/div>\n\t\t\t\t<\/div>\n\t\t","protected":false},"excerpt":{"rendered":"<p>R\u00c9SERVES DE LA TEGALA R\u00e9servez d\u00e8s maintenant pour profiter au maximum de l&rsquo;exp\u00e9rience de La Tegala. Carretera M\u00e1cher, 60, 35572 M\u00e1cher, Las Palmas de Gran Canaria (+34) 659 09 98 74 Lundi, mardi et mercredi :Services de d\u00eener de 18 h 30 \u00e0 21 h 30. Jeudi, vendredi et samedi :D\u00e9jeuner de 13h30 \u00e0 16h00 [&hellip;]<\/p>\n","protected":false},"author":1,"featured_media":0,"parent":0,"menu_order":0,"comment_status":"closed","ping_status":"closed","template":"","meta":{"footnotes":""},"class_list":["post-4379","page","type-page","status-publish","hentry"],"yoast_head":"<!-- This site is optimized with the Yoast SEO plugin v26.8 - https:\/\/yoast.com\/product\/yoast-seo-wordpress\/ -->\n<title>Reservations Restaurante La Tegala% Restaurante La Tegala% Restaurante La Tegala% Restaurante La Tegala%<\/title>\n<meta name=\"description\" content=\"R\u00e9servez d\u00e8s maintenant pour profiter au maximum de l&#039;exp\u00e9rience gastronomique que nous vous proposons \u00e0 La Tegala.\" \/>\n<meta name=\"robots\" content=\"index, follow, max-snippet:-1, max-image-preview:large, max-video-preview:-1\" \/>\n<link rel=\"canonical\" href=\"https:\/\/restaurantelategala.com\/fr\/reserves-de-la-tegala\/\" \/>\n<meta property=\"og:locale\" content=\"fr_FR\" \/>\n<meta property=\"og:type\" content=\"article\" \/>\n<meta property=\"og:title\" content=\"Reservations Restaurante La Tegala% Restaurante La Tegala% Restaurante La Tegala% Restaurante La Tegala%\" \/>\n<meta property=\"og:description\" content=\"Un voyage gastronomique \u00e0 travers les \u00eeles Canaries gr\u00e2ce \u00e0 un hommage \u00e0 nos \u00eeles, \u00e0 leurs arts, \u00e0 leur saveur et \u00e0 leur tradition - le restaurant La Tegala.\" \/>\n<meta property=\"og:url\" content=\"https:\/\/restaurantelategala.com\/fr\/reserves-de-la-tegala\/\" \/>\n<meta property=\"og:site_name\" content=\"Restaurante La Tegala\" \/>\n<meta property=\"article:publisher\" content=\"https:\/\/www.facebook.com\/p\/Restaurante-La-Tegala-100054513667235\/?locale=es_ES\" \/>\n<meta property=\"article:modified_time\" content=\"2025-08-25T10:45:18+00:00\" \/>\n<meta property=\"og:image\" content=\"https:\/\/restaurantelategala.com\/wp-content\/uploads\/2024\/05\/reservas-tegala-1024x577.jpg\" \/>\n<meta name=\"twitter:card\" content=\"summary_large_image\" \/>\n<meta name=\"twitter:title\" content=\"Reservations Restaurante La Tegala% Restaurante La Tegala% Restaurante La Tegala% Restaurante La Tegala%\" \/>\n<meta name=\"twitter:description\" content=\"Un voyage gastronomique \u00e0 travers les \u00eeles Canaries gr\u00e2ce \u00e0 un hommage \u00e0 nos \u00eeles, \u00e0 leurs arts, \u00e0 leur saveur et \u00e0 leur tradition - le restaurant La Tegala.\" \/>\n<meta name=\"twitter:image\" content=\"https:\/\/restaurantelategala.com\/wp-content\/uploads\/2024\/05\/reservas-tegala-1024x577.jpg\" \/>\n<meta name=\"twitter:label1\" content=\"Dur\u00e9e de lecture estim\u00e9e\" \/>\n\t<meta name=\"twitter:data1\" content=\"2 minutes\" \/>\n<script type=\"application\/ld+json\" class=\"yoast-schema-graph\">{\"@context\":\"https:\/\/schema.org\",\"@graph\":[{\"@type\":\"WebPage\",\"@id\":\"https:\/\/restaurantelategala.com\/fr\/reserves-de-la-tegala\/\",\"url\":\"https:\/\/restaurantelategala.com\/fr\/reserves-de-la-tegala\/\",\"name\":\"Reservations Restaurante La Tegala% Restaurante La Tegala% Restaurante La Tegala% Restaurante La Tegala%\",\"isPartOf\":{\"@id\":\"https:\/\/restaurantelategala.com\/fr\/#website\"},\"datePublished\":\"2024-04-19T10:11:23+00:00\",\"dateModified\":\"2025-08-25T10:45:18+00:00\",\"description\":\"R\u00e9servez d\u00e8s maintenant pour profiter au maximum de l'exp\u00e9rience gastronomique que nous vous proposons \u00e0 La Tegala.\",\"breadcrumb\":{\"@id\":\"https:\/\/restaurantelategala.com\/fr\/reserves-de-la-tegala\/#breadcrumb\"},\"inLanguage\":\"fr-FR\",\"potentialAction\":[{\"@type\":\"ReadAction\",\"target\":[\"https:\/\/restaurantelategala.com\/fr\/reserves-de-la-tegala\/\"]}]},{\"@type\":\"BreadcrumbList\",\"@id\":\"https:\/\/restaurantelategala.com\/fr\/reserves-de-la-tegala\/#breadcrumb\",\"itemListElement\":[{\"@type\":\"ListItem\",\"position\":1,\"name\":\"Portada\",\"item\":\"https:\/\/restaurantelategala.com\/fr\/\"},{\"@type\":\"ListItem\",\"position\":2,\"name\":\"R\u00e9serves de La Tegala\"}]},{\"@type\":\"WebSite\",\"@id\":\"https:\/\/restaurantelategala.com\/fr\/#website\",\"url\":\"https:\/\/restaurantelategala.com\/fr\/\",\"name\":\"Restaurante La Tegala\",\"description\":\"Restaurante de cocina creativa canaria\",\"publisher\":{\"@id\":\"https:\/\/restaurantelategala.com\/fr\/#organization\"},\"potentialAction\":[{\"@type\":\"SearchAction\",\"target\":{\"@type\":\"EntryPoint\",\"urlTemplate\":\"https:\/\/restaurantelategala.com\/fr\/?s={search_term_string}\"},\"query-input\":{\"@type\":\"PropertyValueSpecification\",\"valueRequired\":true,\"valueName\":\"search_term_string\"}}],\"inLanguage\":\"fr-FR\"},{\"@type\":\"Organization\",\"@id\":\"https:\/\/restaurantelategala.com\/fr\/#organization\",\"name\":\"Restaurante La Tegala\",\"url\":\"https:\/\/restaurantelategala.com\/fr\/\",\"logo\":{\"@type\":\"ImageObject\",\"inLanguage\":\"fr-FR\",\"@id\":\"https:\/\/restaurantelategala.com\/fr\/#\/schema\/logo\/image\/\",\"url\":\"https:\/\/restaurantelategala.com\/wp-content\/uploads\/2024\/04\/LaTegala-01.svg\",\"contentUrl\":\"https:\/\/restaurantelategala.com\/wp-content\/uploads\/2024\/04\/LaTegala-01.svg\",\"width\":196,\"height\":127,\"caption\":\"Restaurante La Tegala\"},\"image\":{\"@id\":\"https:\/\/restaurantelategala.com\/fr\/#\/schema\/logo\/image\/\"},\"sameAs\":[\"https:\/\/www.facebook.com\/p\/Restaurante-La-Tegala-100054513667235\/?locale=es_ES\"]}]}<\/script>\n<!-- \/ Yoast SEO plugin. -->","yoast_head_json":{"title":"Reservations Restaurante La Tegala% Restaurante La Tegala% Restaurante La Tegala% Restaurante La Tegala%","description":"R\u00e9servez d\u00e8s maintenant pour profiter au maximum de l'exp\u00e9rience gastronomique que nous vous proposons \u00e0 La Tegala.","robots":{"index":"index","follow":"follow","max-snippet":"max-snippet:-1","max-image-preview":"max-image-preview:large","max-video-preview":"max-video-preview:-1"},"canonical":"https:\/\/restaurantelategala.com\/fr\/reserves-de-la-tegala\/","og_locale":"fr_FR","og_type":"article","og_title":"Reservations Restaurante La Tegala% Restaurante La Tegala% Restaurante La Tegala% Restaurante La Tegala%","og_description":"Un voyage gastronomique \u00e0 travers les \u00eeles Canaries gr\u00e2ce \u00e0 un hommage \u00e0 nos \u00eeles, \u00e0 leurs arts, \u00e0 leur saveur et \u00e0 leur tradition - le restaurant La Tegala.","og_url":"https:\/\/restaurantelategala.com\/fr\/reserves-de-la-tegala\/","og_site_name":"Restaurante La Tegala","article_publisher":"https:\/\/www.facebook.com\/p\/Restaurante-La-Tegala-100054513667235\/?locale=es_ES","article_modified_time":"2025-08-25T10:45:18+00:00","og_image":[{"url":"https:\/\/restaurantelategala.com\/wp-content\/uploads\/2024\/05\/reservas-tegala-1024x577.jpg","type":"","width":"","height":""}],"twitter_card":"summary_large_image","twitter_title":"Reservations Restaurante La Tegala% Restaurante La Tegala% Restaurante La Tegala% Restaurante La Tegala%","twitter_description":"Un voyage gastronomique \u00e0 travers les \u00eeles Canaries gr\u00e2ce \u00e0 un hommage \u00e0 nos \u00eeles, \u00e0 leurs arts, \u00e0 leur saveur et \u00e0 leur tradition - le restaurant La Tegala.","twitter_image":"https:\/\/restaurantelategala.com\/wp-content\/uploads\/2024\/05\/reservas-tegala-1024x577.jpg","twitter_misc":{"Dur\u00e9e de lecture estim\u00e9e":"2 minutes"},"schema":{"@context":"https:\/\/schema.org","@graph":[{"@type":"WebPage","@id":"https:\/\/restaurantelategala.com\/fr\/reserves-de-la-tegala\/","url":"https:\/\/restaurantelategala.com\/fr\/reserves-de-la-tegala\/","name":"Reservations Restaurante La Tegala% Restaurante La Tegala% Restaurante La Tegala% Restaurante La Tegala%","isPartOf":{"@id":"https:\/\/restaurantelategala.com\/fr\/#website"},"datePublished":"2024-04-19T10:11:23+00:00","dateModified":"2025-08-25T10:45:18+00:00","description":"R\u00e9servez d\u00e8s maintenant pour profiter au maximum de l'exp\u00e9rience gastronomique que nous vous proposons \u00e0 La Tegala.","breadcrumb":{"@id":"https:\/\/restaurantelategala.com\/fr\/reserves-de-la-tegala\/#breadcrumb"},"inLanguage":"fr-FR","potentialAction":[{"@type":"ReadAction","target":["https:\/\/restaurantelategala.com\/fr\/reserves-de-la-tegala\/"]}]},{"@type":"BreadcrumbList","@id":"https:\/\/restaurantelategala.com\/fr\/reserves-de-la-tegala\/#breadcrumb","itemListElement":[{"@type":"ListItem","position":1,"name":"Portada","item":"https:\/\/restaurantelategala.com\/fr\/"},{"@type":"ListItem","position":2,"name":"R\u00e9serves de La Tegala"}]},{"@type":"WebSite","@id":"https:\/\/restaurantelategala.com\/fr\/#website","url":"https:\/\/restaurantelategala.com\/fr\/","name":"Restaurante La Tegala","description":"Restaurante de cocina creativa canaria","publisher":{"@id":"https:\/\/restaurantelategala.com\/fr\/#organization"},"potentialAction":[{"@type":"SearchAction","target":{"@type":"EntryPoint","urlTemplate":"https:\/\/restaurantelategala.com\/fr\/?s={search_term_string}"},"query-input":{"@type":"PropertyValueSpecification","valueRequired":true,"valueName":"search_term_string"}}],"inLanguage":"fr-FR"},{"@type":"Organization","@id":"https:\/\/restaurantelategala.com\/fr\/#organization","name":"Restaurante La Tegala","url":"https:\/\/restaurantelategala.com\/fr\/","logo":{"@type":"ImageObject","inLanguage":"fr-FR","@id":"https:\/\/restaurantelategala.com\/fr\/#\/schema\/logo\/image\/","url":"https:\/\/restaurantelategala.com\/wp-content\/uploads\/2024\/04\/LaTegala-01.svg","contentUrl":"https:\/\/restaurantelategala.com\/wp-content\/uploads\/2024\/04\/LaTegala-01.svg","width":196,"height":127,"caption":"Restaurante La Tegala"},"image":{"@id":"https:\/\/restaurantelategala.com\/fr\/#\/schema\/logo\/image\/"},"sameAs":["https:\/\/www.facebook.com\/p\/Restaurante-La-Tegala-100054513667235\/?locale=es_ES"]}]}},"_links":{"self":[{"href":"https:\/\/restaurantelategala.com\/fr\/wp-json\/wp\/v2\/pages\/4379","targetHints":{"allow":["GET"]}}],"collection":[{"href":"https:\/\/restaurantelategala.com\/fr\/wp-json\/wp\/v2\/pages"}],"about":[{"href":"https:\/\/restaurantelategala.com\/fr\/wp-json\/wp\/v2\/types\/page"}],"author":[{"embeddable":true,"href":"https:\/\/restaurantelategala.com\/fr\/wp-json\/wp\/v2\/users\/1"}],"replies":[{"embeddable":true,"href":"https:\/\/restaurantelategala.com\/fr\/wp-json\/wp\/v2\/comments?post=4379"}],"version-history":[{"count":4,"href":"https:\/\/restaurantelategala.com\/fr\/wp-json\/wp\/v2\/pages\/4379\/revisions"}],"predecessor-version":[{"id":4478,"href":"https:\/\/restaurantelategala.com\/fr\/wp-json\/wp\/v2\/pages\/4379\/revisions\/4478"}],"wp:attachment":[{"href":"https:\/\/restaurantelategala.com\/fr\/wp-json\/wp\/v2\/media?parent=4379"}],"curies":[{"name":"wp","href":"https:\/\/api.w.org\/{rel}","templated":true}]}}