{"id":4576,"date":"2025-08-27T07:24:33","date_gmt":"2025-08-27T07:24:33","guid":{"rendered":"https:\/\/restaurantelategala.com\/conditions-dachat\/"},"modified":"2025-08-27T07:35:32","modified_gmt":"2025-08-27T07:35:32","slug":"conditions-dachat","status":"publish","type":"page","link":"https:\/\/restaurantelategala.com\/fr\/conditions-dachat\/","title":{"rendered":"Conditions d&rsquo;achat"},"content":{"rendered":"\t\t<div data-elementor-type=\"wp-page\" data-elementor-id=\"4576\" class=\"elementor elementor-4576 elementor-4558\" data-elementor-post-type=\"page\">\n\t\t\t\t<div class=\"elementor-element elementor-element-b91cf67 e-flex e-con-boxed e-con e-parent\" data-id=\"b91cf67\" data-element_type=\"container\">\n\t\t\t\t\t<div class=\"e-con-inner\">\n\t\t\t\t<div class=\"elementor-element elementor-element-83af026 elementor-widget elementor-widget-text-editor\" data-id=\"83af026\" data-element_type=\"widget\" data-widget_type=\"text-editor.default\">\n\t\t\t\t<div class=\"elementor-widget-container\">\n\t\t\t\t\t\t\t\t\t<h2><b>CONDITIONS DE R\u00c9SERVATION<\/b><\/h2><p><span style=\"font-weight: 400;\">Le responsable du traitement des donn\u00e9es est LA TEGALA REST. DANIEL JIMENEZ GLEZ :   <\/span><\/p><table><tbody><tr><td><p><b>Identit\u00e9  <\/b><\/p><\/td><td><p><span style=\"font-weight: 400;\">LA TEGALA REST. DANIEL JIMENEZ GLEZ &#8211; 78550949S <\/span><\/p><\/td><\/tr><tr><td><p><b>Adresse<\/b><\/p><\/td><td><p><span style=\"font-weight: 400;\">C\/ Elguinaguaria N\u00ba5, Bajo D.Har\u00eda (35520), Las Palmas, Espagne 38004 &#8211; Santa Cruz de Tenerife<\/span><\/p><\/td><\/tr><tr><td><p><b>T\u00e9l\u00e9phone<\/b><\/p><\/td><td><p><span style=\"font-weight: 400;\">659 09 98 74<\/span><\/p><\/td><\/tr><tr><td><p><b>Web<\/b><\/p><\/td><td><p><span style=\"font-weight: 400;\">www.restaurantelategala.com<\/span><\/p><\/td><\/tr><tr><td><p><b>Courrier \u00e9lectronique<\/b><\/p><\/td><td><p><span style=\"font-weight: 400;\">administracion@restaurantetegala.com<\/span><\/p><\/td><\/tr><\/tbody><\/table><p> <\/p><p><span style=\"font-weight: 400;\">Les r\u00e9servations effectu\u00e9es par nos utilisateurs par l&rsquo;interm\u00e9diaire de notre site web (\u00ab\u00a0Site web\u00a0\u00bb) sont r\u00e9gies par les conditions g\u00e9n\u00e9rales (\u00ab\u00a0Conditions\u00a0\u00bb) d\u00e9crites ci-dessous. La r\u00e9servation de services (\u00ab\u00a0Service\u00a0\u00bb) par l&rsquo;interm\u00e9diaire de www.restaurantelategala.com implique l&rsquo;acceptation totale et sans r\u00e9serve par l&rsquo;utilisateur des conditions suivantes. Les Conditions ne couvrent pas la r\u00e9servation de nos services par des tiers en dehors du site web.  <\/span><\/p><p><span style=\"font-weight: 400;\">Veuillez lire attentivement ces conditions avant d&rsquo;effectuer une r\u00e9servation sur notre site web. Si vous n&rsquo;acceptez pas ces conditions, vous ne pourrez pas effectuer de r\u00e9servation.   <\/span><\/p><h2> <\/h2><h2><b>Possibilit\u00e9 de modification des pr\u00e9sentes conditions et de l&rsquo;offre commerciale<\/b><\/h2><p><span style=\"font-weight: 400;\">LA TEGALA REST. DANIEL JIMENEZ GLEZ peut modifier \u00e0 tout moment les conditions ou les offres publi\u00e9es sur son site web (prix, produits, promotions et autres conditions commerciales et de service). Mais les modifications n&rsquo;affecteront en aucun cas les r\u00e9servations d\u00e9j\u00e0 effectu\u00e9es par nos utilisateurs.  <\/span><\/p><p> <\/p><h2><b>Utilisation de notre site web<\/b><\/h2><p><span style=\"font-weight: 400;\">En utilisant ce site web et en effectuant une r\u00e9servation par l&rsquo;interm\u00e9diaire de ce site web, vous acceptez :<\/span><\/p><ol><li style=\"font-weight: 400;\" aria-level=\"1\"><span style=\"font-weight: 400;\">Utilisez ce site web uniquement pour effectuer des r\u00e9servations l\u00e9galement valables.<\/span><\/li><li style=\"font-weight: 400;\" aria-level=\"1\"><span style=\"font-weight: 400;\">Ne pas effectuer de r\u00e9servations fausses ou frauduleuses. Si l&rsquo;on peut raisonnablement consid\u00e9rer qu&rsquo;une telle r\u00e9servation a \u00e9t\u00e9 faite, nous sommes en droit d&rsquo;annuler la r\u00e9servation et d&rsquo;en informer les autorit\u00e9s comp\u00e9tentes. <\/span><\/li><li style=\"font-weight: 400;\" aria-level=\"1\"><span style=\"font-weight: 400;\">Fournir les informations exactes et fiables demand\u00e9es dans la r\u00e9servation.<\/span><\/li><li style=\"font-weight: 400;\" aria-level=\"1\"><span style=\"font-weight: 400;\">Nous fournir votre adresse \u00e9lectronique, votre adresse postale ou toute autre information n\u00e9cessaire au traitement de votre r\u00e9servation. Vous acceptez \u00e9galement que, conform\u00e9ment \u00e0 notre politique de confidentialit\u00e9, nous puissions vous contacter chaque fois que cela est n\u00e9cessaire ou pour r\u00e9pondre \u00e0 vos demandes. <\/span><\/li><li style=\"font-weight: 400;\" aria-level=\"1\"><span style=\"font-weight: 400;\">En effectuant une r\u00e9servation sur notre site web, vous d\u00e9clarez que vous avez plus de 18 ans ou l&rsquo;\u00e2ge requis dans votre pays d&rsquo;origine et que vous avez la capacit\u00e9 juridique de conclure un contrat.<\/span><\/li><\/ol><p> <\/p><h2><b>Comment puis-je r\u00e9server sur le site web ?<\/b><\/h2><p><span style=\"font-weight: 400;\">La r\u00e9servation de notre logement par l&rsquo;utilisateur est r\u00e9alis\u00e9e et compl\u00e9t\u00e9e en suivant la proc\u00e9dure de r\u00e9servation d\u00e9crite dans cette section. En r\u00e9servant nos services, vous acceptez que les communications avec LA TEGALA REST. DANIEL JIMENEZ GLEZ se fassent principalement par voie \u00e9lectronique.  <\/span><\/p><p><span style=\"font-weight: 400;\">Pour effectuer une r\u00e9servation sur notre site web, suivez les \u00e9tapes ci-dessous :<\/span><\/p><ol><li><span style=\"font-weight: 400;\">Pour effectuer une r\u00e9servation, l&rsquo;utilisateur doit d&rsquo;abord s\u00e9lectionner le logement et indiquer le coupon de r\u00e9duction, le cas \u00e9ch\u00e9ant.<\/span><\/li><li><span style=\"font-weight: 400;\">L&rsquo;\u00e9tape suivante consiste \u00e0 remplir un formulaire avec les donn\u00e9es personnelles de l&rsquo;utilisateur effectuant la r\u00e9servation, y compris les donn\u00e9es de la carte de cr\u00e9dit.<\/span><\/li><li><span style=\"font-weight: 400;\">  Pour conclure votre r\u00e9servation avec LA TEGALA REST. DANIEL JIMENEZ GLEZ vous devez accepter les conditions de r\u00e9servation, l&rsquo;avis l\u00e9gal, la politique de confidentialit\u00e9 et notre politique de cookies. <\/span><\/li><li><span style=\"font-weight: 400;\">  La r\u00e9servation est confirm\u00e9e lorsque l&rsquo;utilisateur re\u00e7oit la confirmation, qui reprend en d\u00e9tail les conditions de la r\u00e9servation effectu\u00e9e par l&rsquo;utilisateur. Cette confirmation doit \u00eatre remise \u00e0 l&rsquo;\u00e9tablissement. <\/span><\/li><\/ol><p> <\/p><h2><b>  Prix des services.  <\/b><\/h2><p><span style=\"font-weight: 400;\">Le prix indiqu\u00e9 \u00e0 tout moment \u00e0 c\u00f4t\u00e9 de nos services inclut les taxes. En cas d&rsquo;erreur typographique dans l&rsquo;un des prix indiqu\u00e9s et si un utilisateur a pris une d\u00e9cision d&rsquo;achat sur la base de cette erreur, nous l&rsquo;en informerons imm\u00e9diatement et l&rsquo;utilisateur aura le droit d&rsquo;annuler sa r\u00e9servation sans aucun frais de sa part. <\/span><\/p><p> <\/p><h2><b>Paiements et modes de paiement accept\u00e9s<\/b><\/h2><p><span style=\"font-weight: 400;\">Au moment de la r\u00e9servation, l&rsquo;utilisateur doit fournir les d\u00e9tails de sa carte de cr\u00e9dit <\/span><span style=\"font-weight: 400;\">(VISA MasterCard)<\/span><span style=\"font-weight: 400;\">  qui servira de paiement. Votre achat sera enti\u00e8rement formalis\u00e9 \u00e0 la r\u00e9ception de la confirmation. <\/span><\/p><h2><br><b style=\"font-family: -apple-system, BlinkMacSystemFont, 'Segoe UI', Roboto, 'Helvetica Neue', Arial, 'Noto Sans', sans-serif, 'Apple Color Emoji', 'Segoe UI Emoji', 'Segoe UI Symbol', 'Noto Color Emoji';\">Moyens techniques pour corriger les erreurs<\/b><\/h2><p><span style=\"font-weight: 400;\">Si vous constatez une erreur lors de la saisie de vos donn\u00e9es de r\u00e9servation, vous pouvez les modifier dans votre compte client.<\/span><\/p><p><span style=\"font-weight: 400;\">Dans tous les cas, vous pourrez corriger les erreurs li\u00e9es aux donn\u00e9es personnelles fournies au cours du processus de r\u00e9servation en contactant notre adresse e-mail administracion@restaurantetegala.com ou en appelant le 659 09 98 74 pendant les heures d&rsquo;ouverture du service client\u00e8le.<\/span><\/p><p><span style=\"font-weight: 400;\">Ce site web affiche des fen\u00eatres de confirmation dans diff\u00e9rentes sections du processus de r\u00e9servation qui ne vous permettent pas de poursuivre votre r\u00e9servation si vous n&rsquo;avez pas saisi les informations requises ou si elles n&rsquo;ont pas \u00e9t\u00e9 valid\u00e9es correctement. Nous ne pouvons malheureusement pas garantir une r\u00e9servation si toutes les informations n\u00e9cessaires n&rsquo;ont pas \u00e9t\u00e9 fournies. Les champs marqu\u00e9s d&rsquo;un ast\u00e9risque (*) ou les champs obligatoires sont obligatoires.    <\/span><\/p><p><span style=\"font-weight: 400;\">Si vous constatez une erreur dans votre r\u00e9servation apr\u00e8s la fin du processus, vous devez imm\u00e9diatement contacter notre service client\u00e8le au 659 09 98 74 ou par e-mail administracion@restaurantetegala.com afin que nous puissions essayer de rectifier l&rsquo;erreur dans la mesure du possible.<\/span><\/p><p> <\/p><h2><b>Modifications et annulations<\/b><\/h2><p><span style=\"font-weight: 400;\">Dans le cas o\u00f9 l&rsquo;utilisateur demande de modifier ou d&rsquo;annuler une r\u00e9servation effectu\u00e9e sur notre site web, il doit respecter les conditions sp\u00e9cifiques indiqu\u00e9es dans la r\u00e9servation elle-m\u00eame.<\/span><\/p><p><span style=\"font-weight: 400;\">En effectuant une r\u00e9servation, vous acceptez les conditions d&rsquo;annulation et la p\u00e9nalit\u00e9 pour <\/span><i><span style=\"font-weight: 400;\">non pr\u00e9sentation<\/span><\/i><span style=\"font-weight: 400;\"> (no show).<\/span><\/p><p><span style=\"font-weight: 400;\">Certaines offres ou promotions sont soumises \u00e0 des conditions sp\u00e9ciales qui ne permettent pas de les modifier ou de les annuler, ou qui entra\u00eenent une p\u00e9nalit\u00e9 dans les deux cas.<\/span><\/p><p><span style=\"font-weight: 400;\">Veuillez vous r\u00e9f\u00e9rer aux d\u00e9tails de votre r\u00e9servation pour conna\u00eetre les conditions de r\u00e9servation sp\u00e9cifiques.  <\/span><\/p><p><span style=\"font-weight: 400;\">Veuillez noter que les r\u00e9servations pour lesquelles un acompte est exig\u00e9 peuvent \u00eatre annul\u00e9es en cas de non-paiement des sommes dues et que les conditions sp\u00e9cifiques de cette r\u00e9servation s&rsquo;appliquent.<\/span><\/p><p><span style=\"font-weight: 400;\">En cas de doute, veuillez nous appeler au 659 09 98 74 ou envoyer un courriel \u00e0 administracion@restaurantetegala.com en indiquant le num\u00e9ro de r\u00e9servation ou la personne effectuant la r\u00e9servation avec son DNI, NIE ou passeport.<\/span><\/p><p> <\/p><h2><b>Suppl\u00e9ments et services compl\u00e9mentaires.<\/b><\/h2><p><span style=\"font-weight: 400;\">Si vous avez besoin de compl\u00e9ter votre r\u00e9servation avec un service suppl\u00e9mentaire qui ne figure pas initialement dans l&rsquo;offre, vous devez l&rsquo;indiquer dans la section correspondant \u00e0 cet effet, qui est indiqu\u00e9e comme \u00ab\u00a0Commentaires suppl\u00e9mentaires\u00a0\u00bb. <\/span><span style=\"font-weight: 400;\">Commentaires suppl\u00e9mentaires\u00a0\u00bb.<\/span><\/p><p><span style=\"font-weight: 400;\">Si le service demand\u00e9 implique un co\u00fbt, vous serez inform\u00e9 de ce co\u00fbt afin de l&rsquo;inclure dans votre r\u00e9servation. S&rsquo;il s&rsquo;agit d&rsquo;un service gratuit, nous l&rsquo;inclurons directement. <\/span><\/p><p><span style=\"font-weight: 400;\">Si le service demand\u00e9 n&rsquo;est finalement pas inclus dans la r\u00e9servation, cela n&rsquo;impliquera pas l&rsquo;annulation de la r\u00e9servation et les conditions d&rsquo;annulation qui s&rsquo;appliqueront seront celles sp\u00e9cifiques \u00e0 la r\u00e9servation que vous avez effectu\u00e9e.  <\/span><\/p><p><span style=\"font-weight: 400;\">Si vous avez besoin d&rsquo;un service suppl\u00e9mentaire pour votre r\u00e9servation (ex : lit suppl\u00e9mentaire, lit b\u00e9b\u00e9, salle de bain adapt\u00e9e&#8230;) nous vous recommandons de v\u00e9rifier la disponibilit\u00e9 de ce service avant d&rsquo;effectuer une r\u00e9servation qui ne permet pas d&rsquo;annulation. Pour v\u00e9rifier la disponibilit\u00e9 de ce service, dans le cas o\u00f9 il n&rsquo;est pas directement r\u00e9f\u00e9renc\u00e9 sur le site web, nous vous recommandons de nous contacter au 659 09 98 74 ou administracion@restaurantetegala.com. <\/span><\/p><p> <\/p><h2><b style=\"font-family: -apple-system, BlinkMacSystemFont, 'Segoe UI', Roboto, 'Helvetica Neue', Arial, 'Noto Sans', sans-serif, 'Apple Color Emoji', 'Segoe UI Emoji', 'Segoe UI Symbol', 'Noto Color Emoji';\">Engagement de qualit\u00e9 envers nos utilisateurs<\/b><\/h2><p><span style=\"font-weight: 400;\">Le client doit garder \u00e0 l&rsquo;esprit qu&rsquo;\u00e0 LA TEGALA REST. DANIEL JIMENEZ GLEZ, nous mettons \u00e0 votre disposition un capital humain pr\u00eat \u00e0 vous aider de mani\u00e8re personnalis\u00e9e. Notre objectif est de satisfaire nos clients avec nos produits et d&rsquo;obtenir les plus hauts standards de qualit\u00e9. Vous pouvez nous contacter par e-mail administracion@restaurantetegala.com   <\/span><\/p><p> <\/p><h2><b>Politique de protection des donn\u00e9es<\/b><\/h2><p><span style=\"font-weight: 400;\">Vous pouvez consulter notre politique de protection des donn\u00e9es en cliquant sur le lien suivant \u00ab\u00a0politique de confidentialit\u00e9\u00a0\u00bb.<\/span><\/p><p> <\/p><h2><b>Plate-forme de r\u00e9solution des litiges en ligne<\/b><\/h2><p><span style=\"font-weight: 400;\">Conform\u00e9ment \u00e0 l&rsquo;obligation d&rsquo;informer les consommateurs \u00e9tablie \u00e0 l&rsquo;Art. 14 du R\u00e8glement (UE) 524\/2013 relatif au r\u00e8glement en ligne des litiges de consommation LA TEGALA REST. DANIEL JIMENEZ GLEZ vous informe que la Commission europ\u00e9enne met \u00e0 votre disposition une plateforme de r\u00e9solution des litiges en ligne qui est disponible sur le lien suivant : https:\/\/webgate.ec.europa.eu\/odr\/main\/index.cfm?event=main.home.show&amp;lng=ES et o\u00f9 vous pouvez d\u00e9poser vos plaintes pour essayer de parvenir \u00e0 un r\u00e8glement extrajudiciaire, si vous r\u00e9sidez dans l&rsquo;UE. <\/span><\/p><p> <\/p><h2><b style=\"font-family: -apple-system, BlinkMacSystemFont, 'Segoe UI', Roboto, 'Helvetica Neue', Arial, 'Noto Sans', sans-serif, 'Apple Color Emoji', 'Segoe UI Emoji', 'Segoe UI Symbol', 'Noto Color Emoji';\">Droit applicable et juridictions comp\u00e9tentes<\/b><\/h2><p><span style=\"font-weight: 400;\">Les contrats d&rsquo;achat de produits par l&rsquo;interm\u00e9diaire de notre site Web et tous les litiges ou r\u00e9clamations qui en d\u00e9coulent ou qui sont li\u00e9s \u00e0 leur objet ou \u00e0 leur conclusion (y compris les litiges ou r\u00e9clamations non contractuels) sont r\u00e9gis par la loi espagnole.  <\/span><\/p><p><span style=\"font-weight: 400;\">L&rsquo;utilisateur renonce \u00e0 sa juridiction et se soumet express\u00e9ment \u00e0 la juridiction des tribunaux de Santa Cruz de Tenerife, dans le cas o\u00f9 l&rsquo;utilisateur est un consommateur final, ce paragraphe ne s&rsquo;applique pas.<\/span><\/p>\t\t\t\t\t\t\t\t<\/div>\n\t\t\t\t<\/div>\n\t\t\t\t<div class=\"elementor-element elementor-element-c9c0d49 elementor-widget elementor-widget-spacer\" data-id=\"c9c0d49\" data-element_type=\"widget\" data-widget_type=\"spacer.default\">\n\t\t\t\t<div class=\"elementor-widget-container\">\n\t\t\t\t\t\t\t<div class=\"elementor-spacer\">\n\t\t\t<div class=\"elementor-spacer-inner\"><\/div>\n\t\t<\/div>\n\t\t\t\t\t\t<\/div>\n\t\t\t\t<\/div>\n\t\t\t\t\t<\/div>\n\t\t\t\t<\/div>\n\t\t\t\t<\/div>\n\t\t","protected":false},"excerpt":{"rendered":"<p>CONDITIONS DE R\u00c9SERVATION Le responsable du traitement des donn\u00e9es est LA TEGALA REST. DANIEL JIMENEZ GLEZ : Identit\u00e9 LA TEGALA REST. DANIEL JIMENEZ GLEZ &#8211; 78550949S Adresse C\/ Elguinaguaria N\u00ba5, Bajo D.Har\u00eda (35520), Las Palmas, Espagne 38004 &#8211; Santa Cruz de Tenerife T\u00e9l\u00e9phone 659 09 98 74 Web www.restaurantelategala.com Courrier \u00e9lectronique administracion@restaurantetegala.com Les r\u00e9servations effectu\u00e9es [&hellip;]<\/p>\n","protected":false},"author":1,"featured_media":0,"parent":0,"menu_order":0,"comment_status":"closed","ping_status":"closed","template":"","meta":{"footnotes":""},"class_list":["post-4576","page","type-page","status-publish","hentry"],"yoast_head":"<!-- This site is optimized with the Yoast SEO plugin v26.8 - https:\/\/yoast.com\/product\/yoast-seo-wordpress\/ -->\n<title>Conditions d&#039;achat - Restaurante La Tegala<\/title>\n<meta name=\"robots\" content=\"index, follow, max-snippet:-1, max-image-preview:large, max-video-preview:-1\" \/>\n<link rel=\"canonical\" href=\"https:\/\/restaurantelategala.com\/fr\/conditions-dachat\/\" \/>\n<meta property=\"og:locale\" content=\"fr_FR\" \/>\n<meta property=\"og:type\" content=\"article\" \/>\n<meta property=\"og:title\" content=\"Conditions d&#039;achat - Restaurante La Tegala\" \/>\n<meta property=\"og:description\" content=\"CONDITIONS DE R\u00c9SERVATION Le responsable du traitement des donn\u00e9es est LA TEGALA REST. DANIEL JIMENEZ GLEZ : Identit\u00e9 LA TEGALA REST. DANIEL JIMENEZ GLEZ &#8211; 78550949S Adresse C\/ Elguinaguaria N\u00ba5, Bajo D.Har\u00eda (35520), Las Palmas, Espagne 38004 &#8211; Santa Cruz de Tenerife T\u00e9l\u00e9phone 659 09 98 74 Web www.restaurantelategala.com Courrier \u00e9lectronique administracion@restaurantetegala.com Les r\u00e9servations effectu\u00e9es [&hellip;]\" \/>\n<meta property=\"og:url\" content=\"https:\/\/restaurantelategala.com\/fr\/conditions-dachat\/\" \/>\n<meta property=\"og:site_name\" content=\"Restaurante La Tegala\" \/>\n<meta property=\"article:publisher\" content=\"https:\/\/www.facebook.com\/p\/Restaurante-La-Tegala-100054513667235\/?locale=es_ES\" \/>\n<meta property=\"article:modified_time\" content=\"2025-08-27T07:35:32+00:00\" \/>\n<meta name=\"twitter:card\" content=\"summary_large_image\" \/>\n<meta name=\"twitter:label1\" content=\"Dur\u00e9e de lecture estim\u00e9e\" \/>\n\t<meta name=\"twitter:data1\" content=\"8 minutes\" \/>\n<script type=\"application\/ld+json\" class=\"yoast-schema-graph\">{\"@context\":\"https:\/\/schema.org\",\"@graph\":[{\"@type\":\"WebPage\",\"@id\":\"https:\/\/restaurantelategala.com\/fr\/conditions-dachat\/\",\"url\":\"https:\/\/restaurantelategala.com\/fr\/conditions-dachat\/\",\"name\":\"Conditions d'achat - Restaurante La Tegala\",\"isPartOf\":{\"@id\":\"https:\/\/restaurantelategala.com\/fr\/#website\"},\"datePublished\":\"2025-08-27T07:24:33+00:00\",\"dateModified\":\"2025-08-27T07:35:32+00:00\",\"breadcrumb\":{\"@id\":\"https:\/\/restaurantelategala.com\/fr\/conditions-dachat\/#breadcrumb\"},\"inLanguage\":\"fr-FR\",\"potentialAction\":[{\"@type\":\"ReadAction\",\"target\":[\"https:\/\/restaurantelategala.com\/fr\/conditions-dachat\/\"]}]},{\"@type\":\"BreadcrumbList\",\"@id\":\"https:\/\/restaurantelategala.com\/fr\/conditions-dachat\/#breadcrumb\",\"itemListElement\":[{\"@type\":\"ListItem\",\"position\":1,\"name\":\"Portada\",\"item\":\"https:\/\/restaurantelategala.com\/fr\/\"},{\"@type\":\"ListItem\",\"position\":2,\"name\":\"Conditions d&rsquo;achat\"}]},{\"@type\":\"WebSite\",\"@id\":\"https:\/\/restaurantelategala.com\/fr\/#website\",\"url\":\"https:\/\/restaurantelategala.com\/fr\/\",\"name\":\"Restaurante La Tegala\",\"description\":\"Restaurante de cocina creativa canaria\",\"publisher\":{\"@id\":\"https:\/\/restaurantelategala.com\/fr\/#organization\"},\"potentialAction\":[{\"@type\":\"SearchAction\",\"target\":{\"@type\":\"EntryPoint\",\"urlTemplate\":\"https:\/\/restaurantelategala.com\/fr\/?s={search_term_string}\"},\"query-input\":{\"@type\":\"PropertyValueSpecification\",\"valueRequired\":true,\"valueName\":\"search_term_string\"}}],\"inLanguage\":\"fr-FR\"},{\"@type\":\"Organization\",\"@id\":\"https:\/\/restaurantelategala.com\/fr\/#organization\",\"name\":\"Restaurante La Tegala\",\"url\":\"https:\/\/restaurantelategala.com\/fr\/\",\"logo\":{\"@type\":\"ImageObject\",\"inLanguage\":\"fr-FR\",\"@id\":\"https:\/\/restaurantelategala.com\/fr\/#\/schema\/logo\/image\/\",\"url\":\"https:\/\/restaurantelategala.com\/wp-content\/uploads\/2024\/04\/LaTegala-01.svg\",\"contentUrl\":\"https:\/\/restaurantelategala.com\/wp-content\/uploads\/2024\/04\/LaTegala-01.svg\",\"width\":196,\"height\":127,\"caption\":\"Restaurante La Tegala\"},\"image\":{\"@id\":\"https:\/\/restaurantelategala.com\/fr\/#\/schema\/logo\/image\/\"},\"sameAs\":[\"https:\/\/www.facebook.com\/p\/Restaurante-La-Tegala-100054513667235\/?locale=es_ES\"]}]}<\/script>\n<!-- \/ Yoast SEO plugin. -->","yoast_head_json":{"title":"Conditions d'achat - Restaurante La Tegala","robots":{"index":"index","follow":"follow","max-snippet":"max-snippet:-1","max-image-preview":"max-image-preview:large","max-video-preview":"max-video-preview:-1"},"canonical":"https:\/\/restaurantelategala.com\/fr\/conditions-dachat\/","og_locale":"fr_FR","og_type":"article","og_title":"Conditions d'achat - Restaurante La Tegala","og_description":"CONDITIONS DE R\u00c9SERVATION Le responsable du traitement des donn\u00e9es est LA TEGALA REST. DANIEL JIMENEZ GLEZ : Identit\u00e9 LA TEGALA REST. DANIEL JIMENEZ GLEZ &#8211; 78550949S Adresse C\/ Elguinaguaria N\u00ba5, Bajo D.Har\u00eda (35520), Las Palmas, Espagne 38004 &#8211; Santa Cruz de Tenerife T\u00e9l\u00e9phone 659 09 98 74 Web www.restaurantelategala.com Courrier \u00e9lectronique administracion@restaurantetegala.com Les r\u00e9servations effectu\u00e9es [&hellip;]","og_url":"https:\/\/restaurantelategala.com\/fr\/conditions-dachat\/","og_site_name":"Restaurante La Tegala","article_publisher":"https:\/\/www.facebook.com\/p\/Restaurante-La-Tegala-100054513667235\/?locale=es_ES","article_modified_time":"2025-08-27T07:35:32+00:00","twitter_card":"summary_large_image","twitter_misc":{"Dur\u00e9e de lecture estim\u00e9e":"8 minutes"},"schema":{"@context":"https:\/\/schema.org","@graph":[{"@type":"WebPage","@id":"https:\/\/restaurantelategala.com\/fr\/conditions-dachat\/","url":"https:\/\/restaurantelategala.com\/fr\/conditions-dachat\/","name":"Conditions d'achat - Restaurante La Tegala","isPartOf":{"@id":"https:\/\/restaurantelategala.com\/fr\/#website"},"datePublished":"2025-08-27T07:24:33+00:00","dateModified":"2025-08-27T07:35:32+00:00","breadcrumb":{"@id":"https:\/\/restaurantelategala.com\/fr\/conditions-dachat\/#breadcrumb"},"inLanguage":"fr-FR","potentialAction":[{"@type":"ReadAction","target":["https:\/\/restaurantelategala.com\/fr\/conditions-dachat\/"]}]},{"@type":"BreadcrumbList","@id":"https:\/\/restaurantelategala.com\/fr\/conditions-dachat\/#breadcrumb","itemListElement":[{"@type":"ListItem","position":1,"name":"Portada","item":"https:\/\/restaurantelategala.com\/fr\/"},{"@type":"ListItem","position":2,"name":"Conditions d&rsquo;achat"}]},{"@type":"WebSite","@id":"https:\/\/restaurantelategala.com\/fr\/#website","url":"https:\/\/restaurantelategala.com\/fr\/","name":"Restaurante La Tegala","description":"Restaurante de cocina creativa canaria","publisher":{"@id":"https:\/\/restaurantelategala.com\/fr\/#organization"},"potentialAction":[{"@type":"SearchAction","target":{"@type":"EntryPoint","urlTemplate":"https:\/\/restaurantelategala.com\/fr\/?s={search_term_string}"},"query-input":{"@type":"PropertyValueSpecification","valueRequired":true,"valueName":"search_term_string"}}],"inLanguage":"fr-FR"},{"@type":"Organization","@id":"https:\/\/restaurantelategala.com\/fr\/#organization","name":"Restaurante La Tegala","url":"https:\/\/restaurantelategala.com\/fr\/","logo":{"@type":"ImageObject","inLanguage":"fr-FR","@id":"https:\/\/restaurantelategala.com\/fr\/#\/schema\/logo\/image\/","url":"https:\/\/restaurantelategala.com\/wp-content\/uploads\/2024\/04\/LaTegala-01.svg","contentUrl":"https:\/\/restaurantelategala.com\/wp-content\/uploads\/2024\/04\/LaTegala-01.svg","width":196,"height":127,"caption":"Restaurante La Tegala"},"image":{"@id":"https:\/\/restaurantelategala.com\/fr\/#\/schema\/logo\/image\/"},"sameAs":["https:\/\/www.facebook.com\/p\/Restaurante-La-Tegala-100054513667235\/?locale=es_ES"]}]}},"_links":{"self":[{"href":"https:\/\/restaurantelategala.com\/fr\/wp-json\/wp\/v2\/pages\/4576","targetHints":{"allow":["GET"]}}],"collection":[{"href":"https:\/\/restaurantelategala.com\/fr\/wp-json\/wp\/v2\/pages"}],"about":[{"href":"https:\/\/restaurantelategala.com\/fr\/wp-json\/wp\/v2\/types\/page"}],"author":[{"embeddable":true,"href":"https:\/\/restaurantelategala.com\/fr\/wp-json\/wp\/v2\/users\/1"}],"replies":[{"embeddable":true,"href":"https:\/\/restaurantelategala.com\/fr\/wp-json\/wp\/v2\/comments?post=4576"}],"version-history":[{"count":2,"href":"https:\/\/restaurantelategala.com\/fr\/wp-json\/wp\/v2\/pages\/4576\/revisions"}],"predecessor-version":[{"id":4580,"href":"https:\/\/restaurantelategala.com\/fr\/wp-json\/wp\/v2\/pages\/4576\/revisions\/4580"}],"wp:attachment":[{"href":"https:\/\/restaurantelategala.com\/fr\/wp-json\/wp\/v2\/media?parent=4576"}],"curies":[{"name":"wp","href":"https:\/\/api.w.org\/{rel}","templated":true}]}}